{"id":463,"date":"2023-06-19T10:08:21","date_gmt":"2023-06-19T08:08:21","guid":{"rendered":"https:\/\/concerto-karaoke.com\/nous-trouver\/"},"modified":"2023-08-17T09:30:33","modified_gmt":"2023-08-17T07:30:33","slug":"find-us","status":"publish","type":"page","link":"https:\/\/concerto-karaoke.com\/en\/find-us\/","title":{"rendered":"Find us"},"content":{"rendered":"\n<p class=\"is-style-heroshot\" style=\"font-size:100px\">Concerto R\u00c9AUMUR<\/p>\n\n\n\n<div class=\"wp-block-columns is-style-portobello-columns-align-stretch is-layout-flex wp-container-core-columns-is-layout-9d6595d7 wp-block-columns-is-layout-flex\">\n<div class=\"wp-block-column is-layout-flow wp-block-column-is-layout-flow\">\n<figure class=\"wp-block-image size-full\"><img decoding=\"async\" width=\"800\" height=\"600\" src=\"https:\/\/concerto-karaoke.com\/wp-content\/uploads\/2023\/06\/salle-concerto-2.jpg\" alt=\"\" class=\"wp-image-275\" srcset=\"https:\/\/concerto-karaoke.com\/wp-content\/uploads\/2023\/06\/salle-concerto-2.jpg 800w, https:\/\/concerto-karaoke.com\/wp-content\/uploads\/2023\/06\/salle-concerto-2-227x170.jpg 227w, https:\/\/concerto-karaoke.com\/wp-content\/uploads\/2023\/06\/salle-concerto-2-300x225.jpg 300w, https:\/\/concerto-karaoke.com\/wp-content\/uploads\/2023\/06\/salle-concerto-2-768x576.jpg 768w, https:\/\/concerto-karaoke.com\/wp-content\/uploads\/2023\/06\/salle-concerto-2-24x18.jpg 24w, https:\/\/concerto-karaoke.com\/wp-content\/uploads\/2023\/06\/salle-concerto-2-600x450.jpg 600w\" sizes=\"(max-width: 800px) 100vw, 800px\" \/><\/figure>\n<\/div>\n\n\n\n<div class=\"wp-block-column is-layout-flow wp-block-column-is-layout-flow\"><p><iframe src=\"https:\/\/www.google.com\/maps\/embed?pb=!1m18!1m12!1m3!1d2624.624573547948!2d2.349219115674651!3d48.86536897928811!2m3!1f0!2f0!3f0!3m2!1i1024!2i768!4f13.1!3m3!1m2!1s0x47e66e1a1af7ff53%3A0x5178e4127703008b!2sConcerto%20Karaoke%20Box!5e0!3m2!1sfr!2sfr!4v1687940735974!5m2!1sfr!2sfr\" style=\"border:0;\" allowfullscreen=\"\" loading=\"lazy\" referrerpolicy=\"no-referrer-when-downgrade\" width=\"600\" height=\"450\"><\/iframe><\/p>\n<\/div>\n<\/div>\n\n\n\n<div class=\"wp-block-columns is-layout-flex wp-container-core-columns-is-layout-9d6595d7 wp-block-columns-is-layout-flex\">\n<div class=\"wp-block-column is-layout-flow wp-block-column-is-layout-flow\">\n<p class=\"is-style-surtitle\">Opening hours<\/p>\n\n\n\n<p><strong><mark style=\"background-color:rgba(0, 0, 0, 0)\" class=\"has-inline-color has-blue-color\">Monday:<\/mark><\/strong> 18:15 &#8211; 22:30<br><strong><mark style=\"background-color:rgba(0, 0, 0, 0)\" class=\"has-inline-color has-blue-color\">Tuesday:<\/mark><\/strong> 18:45 &#8211; 23:00<br><strong><mark style=\"background-color:rgba(0, 0, 0, 0)\" class=\"has-inline-color has-blue-color\">Wednesday:<\/mark><\/strong> 18:15 &#8211; 00:30<br><strong><mark style=\"background-color:rgba(0, 0, 0, 0)\" class=\"has-inline-color has-blue-color\">Thursday:<\/mark><\/strong> 18:15 &#8211; 00:30<br><strong><mark style=\"background-color:rgba(0, 0, 0, 0)\" class=\"has-inline-color has-blue-color\">Friday:<\/mark><\/strong> 18:45 &#8211; 01:30<br><strong><mark style=\"background-color:rgba(0, 0, 0, 0)\" class=\"has-inline-color has-blue-color\">Saturday:<\/mark><\/strong> 14:30 &#8211; 01:30<br><strong><mark style=\"background-color:rgba(0, 0, 0, 0)\" class=\"has-inline-color has-blue-color\">Sunday:<\/mark><\/strong> 14:30 &#8211; 21:00<\/p>\n\n\n\n<div class=\"wp-block-buttons is-layout-flex wp-block-buttons-is-layout-flex\">\n<div class=\"wp-block-button is-style-primary\"><a class=\"wp-block-button__link wp-element-button\" href=\"https:\/\/concerto-karaoke.com\/reservation\/?karaoke=concerto-reaumur\">Book now<\/a><\/div>\n<\/div>\n<\/div>\n\n\n\n<div class=\"wp-block-column is-layout-flow wp-block-column-is-layout-flow\">\n<p class=\"is-style-surtitle\">Access<\/p>\n\n\n\n<p><strong>15 rue de Palestro, 75002 Paris<\/strong><\/p>\n\n\n\n<p><mark style=\"background-color:rgba(0, 0, 0, 0)\" class=\"has-inline-color has-blue-color\"><strong>Subway:<\/strong><br><\/mark>Station R\u00e9aumur-S\u00e9bastopol, line 3 &amp; 4 (exit 2, 1 minute walk)<\/p>\n\n\n\n<p><mark style=\"background-color:rgba(0, 0, 0, 0)\" class=\"has-inline-color has-blue-color\"><strong>RER train:<\/strong><br><\/mark>Station Ch\u00e2telet-Les Halles, RER A, B et D (exit Lescot, 7-minute walk)<\/p>\n\n\n\n<p><mark style=\"background-color:rgba(0, 0, 0, 0)\" class=\"has-inline-color has-blue-color\"><strong>Parking lots:<\/strong><br><\/mark>Parking Indigo 149 rue Saint-Denis (100 m)<br>Parking Indigo 254 rue Saint-Martin (150 m)<\/p>\n\n\n\n<div style=\"height:20px\" aria-hidden=\"true\" class=\"wp-block-spacer\"><\/div>\n\n\n\n<div class=\"wp-block-buttons is-layout-flex wp-block-buttons-is-layout-flex\">\n<div class=\"wp-block-button is-style-primary\"><a class=\"wp-block-button__link wp-element-button\" href=\"https:\/\/goo.gl\/maps\/5NrjRuLdr55AiU1W8\" target=\"_blank\" rel=\"noreferrer noopener\">Go now<\/a><\/div>\n<\/div>\n<\/div>\n<\/div>\n\n\n\n<div style=\"height:25px\" aria-hidden=\"true\" class=\"wp-block-spacer\"><\/div>\n\n\n\n<hr class=\"wp-block-separator has-text-color has-white-color has-alpha-channel-opacity has-white-background-color has-background\"\/>\n\n\n\n<div style=\"height:25px\" aria-hidden=\"true\" class=\"wp-block-spacer\"><\/div>\n\n\n\n<p class=\"is-style-heroshot\" style=\"font-size:100px\">concerto Vik<\/p>\n\n\n\n<div class=\"wp-block-columns is-style-portobello-columns-align-stretch is-layout-flex wp-container-core-columns-is-layout-9d6595d7 wp-block-columns-is-layout-flex\">\n<div class=\"wp-block-column is-layout-flow wp-block-column-is-layout-flow\">\n<figure class=\"wp-block-image size-full\"><img decoding=\"async\" width=\"934\" height=\"700\" src=\"https:\/\/concerto-karaoke.com\/wp-content\/uploads\/2023\/06\/vik-1.jpg\" alt=\"\" class=\"wp-image-290\" srcset=\"https:\/\/concerto-karaoke.com\/wp-content\/uploads\/2023\/06\/vik-1.jpg 934w, https:\/\/concerto-karaoke.com\/wp-content\/uploads\/2023\/06\/vik-1-300x225.jpg 300w, https:\/\/concerto-karaoke.com\/wp-content\/uploads\/2023\/06\/vik-1-768x576.jpg 768w, https:\/\/concerto-karaoke.com\/wp-content\/uploads\/2023\/06\/vik-1-24x18.jpg 24w, https:\/\/concerto-karaoke.com\/wp-content\/uploads\/2023\/06\/vik-1-600x450.jpg 600w\" sizes=\"(max-width: 934px) 100vw, 934px\" \/><\/figure>\n<\/div>\n\n\n\n<div class=\"wp-block-column is-layout-flow wp-block-column-is-layout-flow\"><p><iframe src=\"https:\/\/www.google.com\/maps\/embed?pb=!1m18!1m12!1m3!1d2625.2688830252523!2d2.3402606156741856!3d48.853082879287!2m3!1f0!2f0!3f0!3m2!1i1024!2i768!4f13.1!3m3!1m2!1s0x47e671de4607dc93%3A0xc4a745220def6ac!2sLe%20VIK%20Karaok%C3%A9!5e0!3m2!1sfr!2sfr!4v1687942709648!5m2!1sfr!2sfr\" style=\"border:0;\" allowfullscreen=\"\" loading=\"lazy\" referrerpolicy=\"no-referrer-when-downgrade\" width=\"600\" height=\"450\"><\/iframe><\/p>\n<\/div>\n<\/div>\n\n\n\n<div class=\"wp-block-columns is-layout-flex wp-container-core-columns-is-layout-9d6595d7 wp-block-columns-is-layout-flex\">\n<div class=\"wp-block-column is-layout-flow wp-block-column-is-layout-flow\">\n<p class=\"is-style-surtitle\">Opening hours<\/p>\n\n\n\n<p><strong><mark style=\"background-color:rgba(0, 0, 0, 0)\" class=\"has-inline-color has-blue-color\">Monday:<\/mark><\/strong> Closed<br><strong><mark style=\"background-color:rgba(0, 0, 0, 0)\" class=\"has-inline-color has-blue-color\">Tuesday:<\/mark><\/strong> Closed<br><strong><mark style=\"background-color:rgba(0, 0, 0, 0)\" class=\"has-inline-color has-blue-color\">Wednesday:<\/mark><\/strong> 19:00 &#8211; 23:00<br><strong><mark style=\"background-color:rgba(0, 0, 0, 0)\" class=\"has-inline-color has-blue-color\">Thursday:<\/mark><\/strong> 18:45 &#8211; 01:00<br><strong><mark style=\"background-color:rgba(0, 0, 0, 0)\" class=\"has-inline-color has-blue-color\">Friday:<\/mark><\/strong> 19:00 &#8211; 01:00<br><strong><mark style=\"background-color:rgba(0, 0, 0, 0)\" class=\"has-inline-color has-blue-color\">Saturday:<\/mark><\/strong> 16:45 &#8211; 01:00<br><strong><mark style=\"background-color:rgba(0, 0, 0, 0)\" class=\"has-inline-color has-blue-color\">Sunday:<\/mark><\/strong> Closed<\/p>\n\n\n\n<div class=\"wp-block-buttons is-layout-flex wp-block-buttons-is-layout-flex\">\n<div class=\"wp-block-button is-style-primary\"><a class=\"wp-block-button__link wp-element-button\" href=\"#\">Book now <\/a><\/div>\n<\/div>\n<\/div>\n\n\n\n<div class=\"wp-block-column is-layout-flow wp-block-column-is-layout-flow\">\n<p class=\"is-style-surtitle\">access<\/p>\n\n\n\n<p><strong>4 rue Suger, 75006 Paris<\/strong><\/p>\n\n\n\n<p><mark style=\"background-color:rgba(0, 0, 0, 0)\" class=\"has-inline-color has-blue-color\"><strong>Subway<\/strong>:<br><\/mark>Station Saint-Michel Notre-Dame, ligne 4 (30-sec walk)<\/p>\n\n\n\n<p><mark style=\"background-color:rgba(0, 0, 0, 0)\" class=\"has-inline-color has-blue-color\"><strong>RER train<\/strong>:<br><\/mark>Station Saint-Michel Notre-Dame, RER B &amp; C (1-minute walk)<\/p>\n\n\n\n<p><mark style=\"background-color:rgba(0, 0, 0, 0)\" class=\"has-inline-color has-blue-color\"><strong>Parking lot<\/strong>:<br><\/mark>Parking Indigo 3 place Saint-Andr\u00e9 des Arts (50 m)<\/p>\n\n\n\n<div style=\"height:20px\" aria-hidden=\"true\" class=\"wp-block-spacer\"><\/div>\n\n\n\n<div class=\"wp-block-buttons is-layout-flex wp-block-buttons-is-layout-flex\">\n<div class=\"wp-block-button is-style-primary\"><a class=\"wp-block-button__link wp-element-button\" href=\"https:\/\/goo.gl\/maps\/6cudQm5SxAjHWFgn6\" target=\"_blank\" rel=\"noreferrer noopener\">Go now<\/a><\/div>\n<\/div>\n<\/div>\n<\/div>\n\n\n\n<div style=\"height:50px\" aria-hidden=\"true\" class=\"wp-block-spacer\"><\/div>\n","protected":false},"excerpt":{"rendered":"<p>Concerto R\u00c9AUMUR Opening hours Monday: 18:15 &#8211; 22:30Tuesday: 18:45 &#8211; 23:00Wednesday: 18:15 &#8211; 00:30Thursday: 18:15 &#8211; 00:30Friday: 18:45 &#8211; 01:30Saturday: 14:30 &#8211; 01:30Sunday: 14:30 &#8211; 21:00 Access 15 rue de Palestro, 75002 Paris Subway:Station R\u00e9aumur-S\u00e9bastopol, line 3 &amp; 4 (exit 2, 1 minute walk) RER train:Station Ch\u00e2telet-Les Halles, RER A, B et D (exit Lescot, [&hellip;]<\/p>\n","protected":false},"author":2,"featured_media":0,"parent":0,"menu_order":0,"comment_status":"closed","ping_status":"closed","template":"","meta":{"_acf_changed":false,"footnotes":""},"class_list":["post-463","page","type-page","status-publish","hentry"],"acf":[],"yoast_head":"<!-- This site is optimized with the Yoast SEO plugin v27.5 - https:\/\/yoast.com\/product\/yoast-seo-wordpress\/ -->\n<title>Where can you find us ? - Concerto Karaoke Box<\/title>\n<meta name=\"description\" content=\"Would you like to enjoy a moment of freedom with friends in the heart of Paris ? Come and discover our karaoke rooms !\" \/>\n<meta name=\"robots\" content=\"index, follow, max-snippet:-1, max-image-preview:large, max-video-preview:-1\" \/>\n<link rel=\"canonical\" href=\"https:\/\/concerto-karaoke.com\/en\/find-us\/\" \/>\n<meta property=\"og:locale\" content=\"en_US\" \/>\n<meta property=\"og:type\" content=\"article\" \/>\n<meta property=\"og:title\" content=\"Where can you find us ? - Concerto Karaoke Box\" \/>\n<meta property=\"og:description\" content=\"Would you like to enjoy a moment of freedom with friends in the heart of Paris ? Come and discover our karaoke rooms !\" \/>\n<meta property=\"og:url\" content=\"https:\/\/concerto-karaoke.com\/en\/find-us\/\" \/>\n<meta property=\"og:site_name\" content=\"Concerto Karaoke Box\" \/>\n<meta property=\"article:modified_time\" content=\"2023-08-17T07:30:33+00:00\" \/>\n<meta property=\"og:image\" content=\"https:\/\/concerto-karaoke.com\/wp-content\/uploads\/2023\/06\/salle-concerto-2.jpg\" \/>\n<meta name=\"twitter:card\" content=\"summary_large_image\" \/>\n<meta name=\"twitter:label1\" content=\"Est. reading time\" \/>\n\t<meta name=\"twitter:data1\" content=\"2 minutes\" \/>\n<script type=\"application\/ld+json\" class=\"yoast-schema-graph\">{\"@context\":\"https:\\\/\\\/schema.org\",\"@graph\":[{\"@type\":\"WebPage\",\"@id\":\"https:\\\/\\\/concerto-karaoke.com\\\/en\\\/find-us\\\/\",\"url\":\"https:\\\/\\\/concerto-karaoke.com\\\/en\\\/find-us\\\/\",\"name\":\"Where can you find us ? - Concerto Karaoke Box\",\"isPartOf\":{\"@id\":\"https:\\\/\\\/concerto-karaoke.com\\\/en\\\/#website\"},\"primaryImageOfPage\":{\"@id\":\"https:\\\/\\\/concerto-karaoke.com\\\/en\\\/find-us\\\/#primaryimage\"},\"image\":{\"@id\":\"https:\\\/\\\/concerto-karaoke.com\\\/en\\\/find-us\\\/#primaryimage\"},\"thumbnailUrl\":\"https:\\\/\\\/concerto-karaoke.com\\\/wp-content\\\/uploads\\\/2023\\\/06\\\/salle-concerto-2.jpg\",\"datePublished\":\"2023-06-19T08:08:21+00:00\",\"dateModified\":\"2023-08-17T07:30:33+00:00\",\"description\":\"Would you like to enjoy a moment of freedom with friends in the heart of Paris ? Come and discover our karaoke rooms !\",\"breadcrumb\":{\"@id\":\"https:\\\/\\\/concerto-karaoke.com\\\/en\\\/find-us\\\/#breadcrumb\"},\"inLanguage\":\"en-US\",\"potentialAction\":[{\"@type\":\"ReadAction\",\"target\":[\"https:\\\/\\\/concerto-karaoke.com\\\/en\\\/find-us\\\/\"]}]},{\"@type\":\"ImageObject\",\"inLanguage\":\"en-US\",\"@id\":\"https:\\\/\\\/concerto-karaoke.com\\\/en\\\/find-us\\\/#primaryimage\",\"url\":\"https:\\\/\\\/concerto-karaoke.com\\\/wp-content\\\/uploads\\\/2023\\\/06\\\/salle-concerto-2.jpg\",\"contentUrl\":\"https:\\\/\\\/concerto-karaoke.com\\\/wp-content\\\/uploads\\\/2023\\\/06\\\/salle-concerto-2.jpg\"},{\"@type\":\"BreadcrumbList\",\"@id\":\"https:\\\/\\\/concerto-karaoke.com\\\/en\\\/find-us\\\/#breadcrumb\",\"itemListElement\":[{\"@type\":\"ListItem\",\"position\":1,\"name\":\"Home\",\"item\":\"https:\\\/\\\/concerto-karaoke.com\\\/en\\\/\"},{\"@type\":\"ListItem\",\"position\":2,\"name\":\"Find us\"}]},{\"@type\":\"WebSite\",\"@id\":\"https:\\\/\\\/concerto-karaoke.com\\\/en\\\/#website\",\"url\":\"https:\\\/\\\/concerto-karaoke.com\\\/en\\\/\",\"name\":\"Concerto Karaoke Box\",\"description\":\"Karaoke Chatelet, karaoke Saint-michel\",\"publisher\":{\"@id\":\"https:\\\/\\\/concerto-karaoke.com\\\/en\\\/#organization\"},\"potentialAction\":[{\"@type\":\"SearchAction\",\"target\":{\"@type\":\"EntryPoint\",\"urlTemplate\":\"https:\\\/\\\/concerto-karaoke.com\\\/en\\\/?s={search_term_string}\"},\"query-input\":{\"@type\":\"PropertyValueSpecification\",\"valueRequired\":true,\"valueName\":\"search_term_string\"}}],\"inLanguage\":\"en-US\"},{\"@type\":\"Organization\",\"@id\":\"https:\\\/\\\/concerto-karaoke.com\\\/en\\\/#organization\",\"name\":\"Concerto Karaoke Box\",\"url\":\"https:\\\/\\\/concerto-karaoke.com\\\/en\\\/\",\"logo\":{\"@type\":\"ImageObject\",\"inLanguage\":\"en-US\",\"@id\":\"https:\\\/\\\/concerto-karaoke.com\\\/en\\\/#\\\/schema\\\/logo\\\/image\\\/\",\"url\":\"https:\\\/\\\/concerto-karaoke.com\\\/wp-content\\\/uploads\\\/2023\\\/06\\\/logo-concerto-karaoke.svg\",\"contentUrl\":\"https:\\\/\\\/concerto-karaoke.com\\\/wp-content\\\/uploads\\\/2023\\\/06\\\/logo-concerto-karaoke.svg\",\"width\":201,\"height\":34,\"caption\":\"Concerto Karaoke Box\"},\"image\":{\"@id\":\"https:\\\/\\\/concerto-karaoke.com\\\/en\\\/#\\\/schema\\\/logo\\\/image\\\/\"}}]}<\/script>\n<!-- \/ Yoast SEO plugin. -->","yoast_head_json":{"title":"Where can you find us ? - Concerto Karaoke Box","description":"Would you like to enjoy a moment of freedom with friends in the heart of Paris ? Come and discover our karaoke rooms !","robots":{"index":"index","follow":"follow","max-snippet":"max-snippet:-1","max-image-preview":"max-image-preview:large","max-video-preview":"max-video-preview:-1"},"canonical":"https:\/\/concerto-karaoke.com\/en\/find-us\/","og_locale":"en_US","og_type":"article","og_title":"Where can you find us ? - Concerto Karaoke Box","og_description":"Would you like to enjoy a moment of freedom with friends in the heart of Paris ? Come and discover our karaoke rooms !","og_url":"https:\/\/concerto-karaoke.com\/en\/find-us\/","og_site_name":"Concerto Karaoke Box","article_modified_time":"2023-08-17T07:30:33+00:00","og_image":[{"url":"https:\/\/concerto-karaoke.com\/wp-content\/uploads\/2023\/06\/salle-concerto-2.jpg","type":"","width":"","height":""}],"twitter_card":"summary_large_image","twitter_misc":{"Est. reading time":"2 minutes"},"schema":{"@context":"https:\/\/schema.org","@graph":[{"@type":"WebPage","@id":"https:\/\/concerto-karaoke.com\/en\/find-us\/","url":"https:\/\/concerto-karaoke.com\/en\/find-us\/","name":"Where can you find us ? - Concerto Karaoke Box","isPartOf":{"@id":"https:\/\/concerto-karaoke.com\/en\/#website"},"primaryImageOfPage":{"@id":"https:\/\/concerto-karaoke.com\/en\/find-us\/#primaryimage"},"image":{"@id":"https:\/\/concerto-karaoke.com\/en\/find-us\/#primaryimage"},"thumbnailUrl":"https:\/\/concerto-karaoke.com\/wp-content\/uploads\/2023\/06\/salle-concerto-2.jpg","datePublished":"2023-06-19T08:08:21+00:00","dateModified":"2023-08-17T07:30:33+00:00","description":"Would you like to enjoy a moment of freedom with friends in the heart of Paris ? Come and discover our karaoke rooms !","breadcrumb":{"@id":"https:\/\/concerto-karaoke.com\/en\/find-us\/#breadcrumb"},"inLanguage":"en-US","potentialAction":[{"@type":"ReadAction","target":["https:\/\/concerto-karaoke.com\/en\/find-us\/"]}]},{"@type":"ImageObject","inLanguage":"en-US","@id":"https:\/\/concerto-karaoke.com\/en\/find-us\/#primaryimage","url":"https:\/\/concerto-karaoke.com\/wp-content\/uploads\/2023\/06\/salle-concerto-2.jpg","contentUrl":"https:\/\/concerto-karaoke.com\/wp-content\/uploads\/2023\/06\/salle-concerto-2.jpg"},{"@type":"BreadcrumbList","@id":"https:\/\/concerto-karaoke.com\/en\/find-us\/#breadcrumb","itemListElement":[{"@type":"ListItem","position":1,"name":"Home","item":"https:\/\/concerto-karaoke.com\/en\/"},{"@type":"ListItem","position":2,"name":"Find us"}]},{"@type":"WebSite","@id":"https:\/\/concerto-karaoke.com\/en\/#website","url":"https:\/\/concerto-karaoke.com\/en\/","name":"Concerto Karaoke Box","description":"Karaoke Chatelet, karaoke Saint-michel","publisher":{"@id":"https:\/\/concerto-karaoke.com\/en\/#organization"},"potentialAction":[{"@type":"SearchAction","target":{"@type":"EntryPoint","urlTemplate":"https:\/\/concerto-karaoke.com\/en\/?s={search_term_string}"},"query-input":{"@type":"PropertyValueSpecification","valueRequired":true,"valueName":"search_term_string"}}],"inLanguage":"en-US"},{"@type":"Organization","@id":"https:\/\/concerto-karaoke.com\/en\/#organization","name":"Concerto Karaoke Box","url":"https:\/\/concerto-karaoke.com\/en\/","logo":{"@type":"ImageObject","inLanguage":"en-US","@id":"https:\/\/concerto-karaoke.com\/en\/#\/schema\/logo\/image\/","url":"https:\/\/concerto-karaoke.com\/wp-content\/uploads\/2023\/06\/logo-concerto-karaoke.svg","contentUrl":"https:\/\/concerto-karaoke.com\/wp-content\/uploads\/2023\/06\/logo-concerto-karaoke.svg","width":201,"height":34,"caption":"Concerto Karaoke Box"},"image":{"@id":"https:\/\/concerto-karaoke.com\/en\/#\/schema\/logo\/image\/"}}]}},"_links":{"self":[{"href":"https:\/\/concerto-karaoke.com\/en\/wp-json\/wp\/v2\/pages\/463","targetHints":{"allow":["GET"]}}],"collection":[{"href":"https:\/\/concerto-karaoke.com\/en\/wp-json\/wp\/v2\/pages"}],"about":[{"href":"https:\/\/concerto-karaoke.com\/en\/wp-json\/wp\/v2\/types\/page"}],"author":[{"embeddable":true,"href":"https:\/\/concerto-karaoke.com\/en\/wp-json\/wp\/v2\/users\/2"}],"replies":[{"embeddable":true,"href":"https:\/\/concerto-karaoke.com\/en\/wp-json\/wp\/v2\/comments?post=463"}],"version-history":[{"count":8,"href":"https:\/\/concerto-karaoke.com\/en\/wp-json\/wp\/v2\/pages\/463\/revisions"}],"predecessor-version":[{"id":615,"href":"https:\/\/concerto-karaoke.com\/en\/wp-json\/wp\/v2\/pages\/463\/revisions\/615"}],"wp:attachment":[{"href":"https:\/\/concerto-karaoke.com\/en\/wp-json\/wp\/v2\/media?parent=463"}],"curies":[{"name":"wp","href":"https:\/\/api.w.org\/{rel}","templated":true}]}}